{"id":12,"date":"2025-07-23T07:50:04","date_gmt":"2025-07-23T07:50:04","guid":{"rendered":"https:\/\/eta-england.uk\/privacy-statement\/"},"modified":"2025-07-23T07:50:04","modified_gmt":"2025-07-23T07:50:04","slug":"privacy-statement","status":"publish","type":"page","link":"https:\/\/eta-england.uk\/uy\/privacy-statement\/","title":{"rendered":"Declaraci\u00f3n de confidencialidad"},"content":{"rendered":"<p>Este sitio est\u00e1 gestionado por eta-england.uk. En todo el sitio, las expresiones \"nosotros\", \"nos\" y \"nuestro\" se refieren a eta-england.uk. eta-england.uk ofrece este sitio, incluyendo todos los datos, dispositivos y administraciones accesibles desde este sitio a usted, el cliente, adaptado a su reconocimiento siendo todo igual, condiciones, estrategias y notificaci\u00f3n expresadas aqu\u00ed.<\/p>\n<p>Si no es mucha molestia, lea atentamente esta Declaraci\u00f3n de Privacidad antes de acceder o utilizar nuestro sitio. Al acceder o utilizar cualquier parte del sitio, usted acepta quedar vinculado por estas Condiciones de servicio. En caso de que no est\u00e9 de acuerdo con toda la Declaraci\u00f3n de Privacidad de este acuerdo, en ese momento no podr\u00e1 acceder al sitio ni utilizar ninguna administraci\u00f3n. En caso de que estas Condiciones del servicio se consideren una oferta, el reconocimiento se limita expl\u00edcitamente a esta Declaraci\u00f3n de privacidad.<\/p>\n<p>Cualquier nuevo producto o instrumento que se a\u00f1ada a la tienda actual depender\u00e1 igualmente de la Declaraci\u00f3n de privacidad. Puede consultar la adaptaci\u00f3n m\u00e1s reciente de la Declaraci\u00f3n de privacidad en cualquier momento en esta p\u00e1gina. Reclamamos toda la autoridad para actualizar, cambiar o suplantar cualquier parte de esta Declaraci\u00f3n de Privacidad mediante la publicaci\u00f3n de actualizaciones, as\u00ed como los cambios en nuestro sitio. Es su obligaci\u00f3n consultar esta p\u00e1gina de vez en cuando para comprobar si se han producido cambios. Si contin\u00faa utilizando o accediendo al sitio tras la publicaci\u00f3n de cualquier modificaci\u00f3n, se entender\u00e1 que acepta dichos cambios.<\/p>\n<p>Al dar su consentimiento a esta Declaraci\u00f3n de Privacidad, usted declara que es en cualquier caso la parte mayor en su estado o \u00e1rea de residencia, o que es la parte dominante en su estado o territorio de residencia y que nos ha dado su consentimiento para permitir que cualquiera de sus pupilos menores utilice este sitio.<\/p>\n<p>Usted no puede utilizar nuestros art\u00edculos para cualquier raz\u00f3n ilegal o no aprobada ni puede, en la utilizaci\u00f3n del Servicio, abusar de cualquier ley en su \u00e1mbito (contando sin embargo no restringido a las leyes de derechos de autor).<\/p>\n<p>No debe transmitir ning\u00fan gusano, infecci\u00f3n o c\u00f3digo peligroso.<\/p>\n<p>La ruptura o infracci\u00f3n de cualquiera de los puntos de la Declaraci\u00f3n de Privacidad conllevar\u00e1 la pronta finalizaci\u00f3n de sus Servicios.<\/p>","protected":false},"excerpt":{"rendered":"<p>This site is worked by eta-england.uk. All through the site, the expressions &ldquo;we&rdquo;, &ldquo;us&rdquo; and &ldquo;our&rdquo; allude to eta-england.uk. eta-england.uk offers this site, including all data, devices and administrations accessible from this site to you, the client, adapted upon your acknowledgment everything being equal, conditions, strategies and notification expressed here. If it&rsquo;s not too much&#8230;<\/p>","protected":false},"author":2,"featured_media":0,"parent":0,"menu_order":0,"comment_status":"closed","ping_status":"closed","template":"","meta":{"footnotes":""},"class_list":["post-12","page","type-page","status-publish","hentry"],"_links":{"self":[{"href":"https:\/\/eta-england.uk\/uy\/wp-json\/wp\/v2\/pages\/12","targetHints":{"allow":["GET"]}}],"collection":[{"href":"https:\/\/eta-england.uk\/uy\/wp-json\/wp\/v2\/pages"}],"about":[{"href":"https:\/\/eta-england.uk\/uy\/wp-json\/wp\/v2\/types\/page"}],"author":[{"embeddable":true,"href":"https:\/\/eta-england.uk\/uy\/wp-json\/wp\/v2\/users\/2"}],"replies":[{"embeddable":true,"href":"https:\/\/eta-england.uk\/uy\/wp-json\/wp\/v2\/comments?post=12"}],"version-history":[{"count":0,"href":"https:\/\/eta-england.uk\/uy\/wp-json\/wp\/v2\/pages\/12\/revisions"}],"wp:attachment":[{"href":"https:\/\/eta-england.uk\/uy\/wp-json\/wp\/v2\/media?parent=12"}],"curies":[{"name":"wp","href":"https:\/\/api.w.org\/{rel}","templated":true}]}}