{"id":12,"date":"2025-07-23T07:50:04","date_gmt":"2025-07-23T07:50:04","guid":{"rendered":"https:\/\/eta-england.uk\/privacy-statement\/"},"modified":"2025-07-23T07:50:04","modified_gmt":"2025-07-23T07:50:04","slug":"privacy-statement","status":"publish","type":"page","link":"https:\/\/eta-england.uk\/si\/privacy-statement\/","title":{"rendered":"Izjava o zasebnosti"},"content":{"rendered":"<p>To spletno mesto upravlja podjetje eta-england.uk. eta-england.uk ponuja to spletno mesto, vklju\u010dno z vsemi podatki, napravami in upravami, ki so dostopni na tem spletnem mestu, vam, stranki, prilagojeno na podlagi va\u0161ega priznanja, da je vse enako, pogoji, strategije in obvestila, izra\u017eena tukaj.<\/p>\n<p>\u010ce vam to ne predstavlja prevelikih te\u017eav, previdno preberite to izjavo o zasebnosti, preden pridete na na\u0161e spletno mesto ali ga uporabljate. S tem, ko pridete na katero koli stran ali jo uporabite, se strinjate, da vas zavezujejo ti Pogoji uporabe. V primeru, da se ne strinjate z vsemi Izjavami o zasebnosti iz tega dogovora, v tem trenutku ne smete priti na spletno mesto ali uporabiti katere koli administracije. V primeru, da se ti Pogoji storitve obravnavajo kot ponudba, je potrditev izrecno omejena na to Izjavo o zasebnosti.<\/p>\n<p>Vsi novi poudarki ali instrumenti, ki bodo dodani sedanji trgovini, bodo prav tako odvisni od izjave o zasebnosti Najnovej\u0161o prilagoditev izjave o zasebnosti lahko preverite kadar koli na tej strani. Priznavamo vsa pooblastila za osve\u017eitev, spremembo ali nadomestitev katerega koli dela te izjave o zasebnosti z objavo osve\u017eitve in sprememb na na\u0161em spletnem mestu. Va\u0161a dol\u017enost je, da ob\u010dasno preverite to stran za spremembe. Va\u0161e nadaljevanje uporabe spletnega mesta ali dostop do njega po objavi kakr\u0161nih koli sprememb pomeni, da ste se s temi spremembami strinjali.<\/p>\n<p>S strinjanjem s to izjavo o zasebnosti potrjujete, da ste v vsakem primeru v \u010dasu ve\u010djega dela v svoji dr\u017eavi ali obmo\u010dju \u017eivljenjske ureditve ali da ste v \u010dasu prevladujo\u010dega dela v svoji dr\u017eavi ali obmo\u010dju bivanja in da ste nam dali svoje soglasje, da omogo\u010dite kateremu koli od svojih mladoletnih varovancev, da uporabi to spletno mesto.<\/p>\n<p>Na\u0161ih predmetov ne smete uporabljati za nezakonite ali neodobrene namene, prav tako pri uporabi storitve ne smete zlorabiti zakonov, ki so v va\u0161i pristojnosti (vklju\u010dno z zakoni o avtorskih pravicah, vendar ne omejeno na te zakone).<\/p>\n<p>Ne smete prena\u0161ati nobenih \u010drvov, oku\u017eb ali nevarnih kod.<\/p>\n<p>Kr\u0161itev ali kr\u0161itev katere koli izjave o zasebnosti bo povzro\u010dila takoj\u0161njo prekinitev va\u0161ih storitev.<\/p>","protected":false},"excerpt":{"rendered":"<p>This site is worked by eta-england.uk. All through the site, the expressions &ldquo;we&rdquo;, &ldquo;us&rdquo; and &ldquo;our&rdquo; allude to eta-england.uk. eta-england.uk offers this site, including all data, devices and administrations accessible from this site to you, the client, adapted upon your acknowledgment everything being equal, conditions, strategies and notification expressed here. If it&rsquo;s not too much&#8230;<\/p>","protected":false},"author":2,"featured_media":0,"parent":0,"menu_order":0,"comment_status":"closed","ping_status":"closed","template":"","meta":{"footnotes":""},"class_list":["post-12","page","type-page","status-publish","hentry"],"_links":{"self":[{"href":"https:\/\/eta-england.uk\/si\/wp-json\/wp\/v2\/pages\/12","targetHints":{"allow":["GET"]}}],"collection":[{"href":"https:\/\/eta-england.uk\/si\/wp-json\/wp\/v2\/pages"}],"about":[{"href":"https:\/\/eta-england.uk\/si\/wp-json\/wp\/v2\/types\/page"}],"author":[{"embeddable":true,"href":"https:\/\/eta-england.uk\/si\/wp-json\/wp\/v2\/users\/2"}],"replies":[{"embeddable":true,"href":"https:\/\/eta-england.uk\/si\/wp-json\/wp\/v2\/comments?post=12"}],"version-history":[{"count":0,"href":"https:\/\/eta-england.uk\/si\/wp-json\/wp\/v2\/pages\/12\/revisions"}],"wp:attachment":[{"href":"https:\/\/eta-england.uk\/si\/wp-json\/wp\/v2\/media?parent=12"}],"curies":[{"name":"wp","href":"https:\/\/api.w.org\/{rel}","templated":true}]}}