{"id":9,"date":"2025-07-23T07:50:03","date_gmt":"2025-07-23T07:50:03","guid":{"rendered":"https:\/\/eta-england.uk\/cookie-policy\/"},"modified":"2025-07-23T07:50:03","modified_gmt":"2025-07-23T07:50:03","slug":"cookie-policy","status":"publish","type":"page","link":"https:\/\/eta-england.uk\/pl\/cookie-policy\/","title":{"rendered":"Polityka dotycz\u0105ca plik\u00f3w cookie"},"content":{"rendered":"<p><strong>Polityka dotycz\u0105ca plik\u00f3w cookie<\/strong><br \/>\n  May 01, 2025<br \/>\n  https:\/\/eta-england.uk is committed to protecting your privacy online.<\/p>\n<p><strong>What information do we collect?<\/strong><\/p>\n<p>We collect information from you when you visit our site. When submitting or registering on our site, you may be asked to enter your: name or e-mail address. You may, however, visit our site anonymously.<\/p>\n<p><strong>What information do we collect?<\/strong><\/p>\n<p>We collect information from you when you visit our site. When submitting or registering on our site, you may be asked to enter your: name or e-mail address. You may, however, visit our site anonymously.<\/p>\n<p><strong>What do we use your information for?<\/strong><\/p>\n<p>Any of the information we collect from you may be used in one of the following ways:<\/p>\n<p>-To improve our website<\/p>\n<p>-To improve customer service<\/p>\n<p><strong>Cookies<\/strong><\/p>\n<p>Cookies are small files that a site or its service provider transfers to your computers hard drive through your Web browser (if you allow) that enables the sites or service providers systems to recognize your browser and capture and remember certain information We use cookies to understand and save your preferences for future visits.<\/p>\n<p><strong>Online Privacy Policy Only<\/strong><\/p>\n<p>This online privacy policy applies only to information collected through our website and not to information collected offline.<\/p>\n<p><strong>Changes to our Privacy Policy<\/strong><\/p>\n<p>If we decide to change our privacy policy, we will post those changes on this page. If you have any questions and suggestions regarding our Privacy Policy Statement, please contact us and we will get back to you very soon.<\/p>","protected":false},"excerpt":{"rendered":"<p>Polityka dotycz\u0105ca plik\u00f3w cookie 01 maja 2025 r. https:\/\/eta-england.uk zobowi\u0105zuje si\u0119 do ochrony prywatno\u015bci u\u017cytkownik\u00f3w w Internecie. Jakie informacje zbieramy? Zbieramy informacje od u\u017cytkownik\u00f3w odwiedzaj\u0105cych nasz\u0105 witryn\u0119. Przesy\u0142aj\u0105c lub rejestruj\u0105c si\u0119 na naszej stronie, mo\u017cesz zosta\u0107 poproszony o podanie: imienia i nazwiska lub adresu e-mail. U\u017cytkownik mo\u017ce jednak odwiedza\u0107 nasz\u0105 witryn\u0119 anonimowo. Jakie informacje...<\/p>","protected":false},"author":2,"featured_media":0,"parent":0,"menu_order":0,"comment_status":"closed","ping_status":"closed","template":"","meta":{"footnotes":""},"class_list":["post-9","page","type-page","status-publish","hentry"],"_links":{"self":[{"href":"https:\/\/eta-england.uk\/pl\/wp-json\/wp\/v2\/pages\/9","targetHints":{"allow":["GET"]}}],"collection":[{"href":"https:\/\/eta-england.uk\/pl\/wp-json\/wp\/v2\/pages"}],"about":[{"href":"https:\/\/eta-england.uk\/pl\/wp-json\/wp\/v2\/types\/page"}],"author":[{"embeddable":true,"href":"https:\/\/eta-england.uk\/pl\/wp-json\/wp\/v2\/users\/2"}],"replies":[{"embeddable":true,"href":"https:\/\/eta-england.uk\/pl\/wp-json\/wp\/v2\/comments?post=9"}],"version-history":[{"count":0,"href":"https:\/\/eta-england.uk\/pl\/wp-json\/wp\/v2\/pages\/9\/revisions"}],"wp:attachment":[{"href":"https:\/\/eta-england.uk\/pl\/wp-json\/wp\/v2\/media?parent=9"}],"curies":[{"name":"wp","href":"https:\/\/api.w.org\/{rel}","templated":true}]}}