{"id":14,"date":"2025-07-23T07:50:04","date_gmt":"2025-07-23T07:50:04","guid":{"rendered":"https:\/\/eta-england.uk\/imprint\/"},"modified":"2025-07-23T07:50:04","modified_gmt":"2025-07-23T07:50:04","slug":"imprint","status":"publish","type":"page","link":"https:\/\/eta-england.uk\/pl\/imprint\/","title":{"rendered":"Nadruk"},"content":{"rendered":"<p><strong>Odpowiedzialno\u015b\u0107 za tre\u015b\u0107<\/strong><\/p>\n<p>Tre\u015b\u0107 naszych stron zosta\u0142a opracowana z najwy\u017csz\u0105 staranno\u015bci\u0105. W ka\u017cdym razie nie mo\u017cemy zagwarantowa\u0107 dok\u0142adno\u015bci, kompletno\u015bci ani aktualno\u015bci tre\u015bci. Zgodnie z przepisami ustawowymi, ponosimy r\u00f3wnie\u017c odpowiedzialno\u015b\u0107 za w\u0142asne tre\u015bci zawarte na tych stronach. W tym wyj\u0105tkowym przypadku, je\u015bli to nie sprawi wi\u0119kszego problemu, informujemy, \u017ce nie jeste\u015bmy zobowi\u0105zani do monitorowania przekazywanych lub przechowywanych danych os\u00f3b trzecich ani do badania przes\u0142anek wskazuj\u0105cych na zachowania przest\u0119pcze. Nasze zobowi\u0105zania do usuwania lub blokowania wykorzystywania danych na mocy wi\u0119kszo\u015bci obowi\u0105zuj\u0105cych przepis\u00f3w pozostaj\u0105 nienaruszone, zgodnie z \u00a7\u00a7 8\u201310 Ustawy o telemediach (TMG).<\/p>\n<p><strong>Odpowiedzialno\u015b\u0107 za po\u0142\u0105czenia<\/strong><\/p>\n<p>Odpowiedzialno\u015b\u0107 za tre\u015b\u0107 zewn\u0119trznych link\u00f3w (do stron internetowych os\u00f3b trzecich) spoczywa wy\u0142\u0105cznie na administratorach tych stron. W momencie nawi\u0105zania po\u0142\u0105czenia nie byli\u015bmy \u015bwiadomi \u017cadnych narusze\u0144. W przypadku ujawnienia jakichkolwiek narusze\u0144 prawnych, dane \u0142\u0105cze zostanie natychmiast usuni\u0119te.<\/p>\n<p>Zasadniczo obowi\u0105zuje standard kraju wyj\u015bcia, okre\u015blony w \u00a7 3 ust. 1 TMG, co oznacza, \u017ce stowarzyszenia zewn\u0119trzne nie s\u0105 uzale\u017cnione od wymogu grawerowania. W ka\u017cdym razie wiele stowarzysze\u0144 nie ma poj\u0119cia, \u017ce obszar dzia\u0142alno\u015bci w Zjednoczonym Kr\u00f3lestwie (pomieszczenie w przestrzeni biurowej jest obecnie wystarczaj\u0105ce) wymaga zobowi\u0105zania do grawerowania. To samo dotyczy sytuacji, gdy stowarzyszenie zewn\u0119trzne kieruje swoj\u0105 stron\u0119 internetow\u0105 bezpo\u015brednio na rynek brytyjski, na przyk\u0142ad pozyskuje klient\u00f3w w Wielkiej Brytanii. W takim przypadku dane stowarzyszenie musi udost\u0119pni\u0107 grawerowanie, poniewa\u017c brytyjscy klienci \u2013 zgodnie z wyrokiem s\u0105du okr\u0119gowego w Glasgow (wyrok z 28.03.2003 r., sygn. akt 3-12 O 151\/02) \u2013 s\u0105 zainteresowani tym, kt\u00f3remu prawu podlega stowarzyszenie zewn\u0119trzne, kim dok\u0142adnie jest osoba kontaktowa i jakie istniej\u0105 powi\u0105zania biznesowe.<\/p>","protected":false},"excerpt":{"rendered":"<p>Odpowiedzialno\u015b\u0107 za tre\u015b\u0107 Tre\u015b\u0107 naszych stron zosta\u0142a przygotowana z najwy\u017csz\u0105 staranno\u015bci\u0105. W ka\u017cdym razie nie mo\u017cemy zagwarantowa\u0107 dok\u0142adno\u015bci, kompletno\u015bci ani aktualno\u015bci tre\u015bci. Zgodnie z ustawowymi ustaleniami ponosimy r\u00f3wnie\u017c odpowiedzialno\u015b\u0107 za w\u0142asne tre\u015bci na tych stronach. W tej wyj\u0105tkowej sytuacji, je\u015bli nie jest to zbyt k\u0142opotliwe...<\/p>","protected":false},"author":2,"featured_media":0,"parent":0,"menu_order":0,"comment_status":"closed","ping_status":"closed","template":"","meta":{"footnotes":""},"class_list":["post-14","page","type-page","status-publish","hentry"],"_links":{"self":[{"href":"https:\/\/eta-england.uk\/pl\/wp-json\/wp\/v2\/pages\/14","targetHints":{"allow":["GET"]}}],"collection":[{"href":"https:\/\/eta-england.uk\/pl\/wp-json\/wp\/v2\/pages"}],"about":[{"href":"https:\/\/eta-england.uk\/pl\/wp-json\/wp\/v2\/types\/page"}],"author":[{"embeddable":true,"href":"https:\/\/eta-england.uk\/pl\/wp-json\/wp\/v2\/users\/2"}],"replies":[{"embeddable":true,"href":"https:\/\/eta-england.uk\/pl\/wp-json\/wp\/v2\/comments?post=14"}],"version-history":[{"count":0,"href":"https:\/\/eta-england.uk\/pl\/wp-json\/wp\/v2\/pages\/14\/revisions"}],"wp:attachment":[{"href":"https:\/\/eta-england.uk\/pl\/wp-json\/wp\/v2\/media?parent=14"}],"curies":[{"name":"wp","href":"https:\/\/api.w.org\/{rel}","templated":true}]}}