{"id":14,"date":"2025-07-23T07:50:04","date_gmt":"2025-07-23T07:50:04","guid":{"rendered":"https:\/\/eta-england.uk\/imprint\/"},"modified":"2025-07-23T07:50:04","modified_gmt":"2025-07-23T07:50:04","slug":"imprint","status":"publish","type":"page","link":"https:\/\/eta-england.uk\/de\/imprint\/","title":{"rendered":"Impressum"},"content":{"rendered":"<p><strong>Responsibility for content<\/strong><\/p>\n<p>The substance of our pages have been made with the most extreme consideration. In any case, we can&rsquo;t ensure the substance&rsquo;s exactness, fulfillment or topicality. As indicated by statutory arrangements, we are besides liable for our own substance on these site pages. In this unique circumstance, if it&rsquo;s not too much trouble note that we are in like manner not obliged to screen simply the transmitted or spared data of outsiders, or research conditions indicating criminal behavior. Our commitments to evacuate or obstruct the utilization of data under for the most part pertinent laws stay unaffected by this according to \u00a7\u00a7 8 to 10 of the Telemedia Act (TMG).<\/p>\n<p><strong>Responsibility for joins<\/strong><\/p>\n<p>Obligation regarding the substance of outside connections (to site pages of outsiders) lies exclusively with the administrators of the connected pages. No infringement were clear to us at the hour of connecting. Should any lawful encroachment become known to us, we will expel the individual connection right away.<\/p>\n<p>By and large, the nation of-starting point standard as indicated by \u00a7 3 Abs. 1 TMG applies, implying that outside associations are not dependent upon the engraving prerequisite. In any case, numerous associations don&rsquo;t have the foggiest idea about that a business area in United Kingdom (a work area in a cooperating space is as of now adequate) prompts an engraving commitment. The equivalent applies if the outside association straightforwardly addresses the British market with its site, for example effectively is procuring clients in United Kingdom. For this situation, the association concerned must make an engraving accessible, in light of the fact that the British purchasers have \u2013 as indicated by a judgment of the local court Glasgow a.M. (Judgment of 28.03.2003, Az. 3-12 O 151\/02) \u2013 an enthusiasm to know which law the remote association is dependent upon, who precisely is the contact individual and which organization connections exist<\/p>","protected":false},"excerpt":{"rendered":"<p>Verantwortung f\u00fcr den Inhalt Die Inhalte unserer Seiten wurden mit gr\u00f6\u00dfter Sorgfalt erstellt. F\u00fcr die Richtigkeit, Vollst\u00e4ndigkeit und Aktualit\u00e4t der Inhalte k\u00f6nnen wir jedoch keine Gew\u00e4hr \u00fcbernehmen. Gem\u00e4\u00df den gesetzlichen Bestimmungen sind wir au\u00dferdem f\u00fcr die eigenen Inhalte auf diesen Seiten verantwortlich. Unter diesen Umst\u00e4nden, wenn es nicht zu viel M\u00fche ist...<\/p>","protected":false},"author":2,"featured_media":0,"parent":0,"menu_order":0,"comment_status":"closed","ping_status":"closed","template":"","meta":{"footnotes":""},"class_list":["post-14","page","type-page","status-publish","hentry"],"_links":{"self":[{"href":"https:\/\/eta-england.uk\/de\/wp-json\/wp\/v2\/pages\/14","targetHints":{"allow":["GET"]}}],"collection":[{"href":"https:\/\/eta-england.uk\/de\/wp-json\/wp\/v2\/pages"}],"about":[{"href":"https:\/\/eta-england.uk\/de\/wp-json\/wp\/v2\/types\/page"}],"author":[{"embeddable":true,"href":"https:\/\/eta-england.uk\/de\/wp-json\/wp\/v2\/users\/2"}],"replies":[{"embeddable":true,"href":"https:\/\/eta-england.uk\/de\/wp-json\/wp\/v2\/comments?post=14"}],"version-history":[{"count":0,"href":"https:\/\/eta-england.uk\/de\/wp-json\/wp\/v2\/pages\/14\/revisions"}],"wp:attachment":[{"href":"https:\/\/eta-england.uk\/de\/wp-json\/wp\/v2\/media?parent=14"}],"curies":[{"name":"wp","href":"https:\/\/api.w.org\/{rel}","templated":true}]}}