{"id":12,"date":"2025-07-23T07:50:04","date_gmt":"2025-07-23T07:50:04","guid":{"rendered":"https:\/\/eta-england.uk\/privacy-statement\/"},"modified":"2025-07-23T07:50:04","modified_gmt":"2025-07-23T07:50:04","slug":"privacy-statement","status":"publish","type":"page","link":"https:\/\/eta-england.uk\/de\/privacy-statement\/","title":{"rendered":"Erkl\u00e4rung zum Datenschutz"},"content":{"rendered":"<p>Diese Website wird von eta-england.uk betrieben. Die Begriffe \u201ewir\u201c, \u201euns\u201c und \u201eunser\u201c beziehen sich auf eta-england.uk. eta-england.uk bietet Ihnen, dem Kunden, diese Website, einschlie\u00dflich aller auf dieser Website verf\u00fcgbaren Informationen, Tools und Dienste, unter der Voraussetzung Ihrer Zustimmung zu den hier aufgef\u00fchrten Bedingungen, Richtlinien und Hinweisen an.<\/p>\n<p>Bitte lesen Sie diese Datenschutzerkl\u00e4rung sorgf\u00e4ltig durch, bevor Sie auf unsere Website zugreifen oder sie nutzen. Durch den Zugriff auf oder die Nutzung eines Teils der Website erkl\u00e4ren Sie sich mit diesen Nutzungsbedingungen einverstanden. Wenn Sie nicht mit allen Datenschutzbestimmungen einverstanden sind, k\u00f6nnen Sie die Website nicht aufrufen und keine Dienste nutzen. Sofern diese Nutzungsbedingungen als Angebot betrachtet werden, beschr\u00e4nkt sich die Zustimmung ausdr\u00fccklich auf diese Datenschutzerkl\u00e4rung.<\/p>\n<p>Alle neuen Funktionen oder Tools, die dem aktuellen Shop hinzugef\u00fcgt werden, unterliegen ebenfalls der Datenschutzerkl\u00e4rung. Sie k\u00f6nnen die aktuellste Version der Datenschutzerkl\u00e4rung jederzeit auf dieser Seite einsehen. Wir behalten uns das Recht vor, Teile dieser Datenschutzerkl\u00e4rung durch Ver\u00f6ffentlichung von Aktualisierungen und \u00c4nderungen auf unserer Website zu aktualisieren, zu \u00e4ndern oder zu ersetzen. Es liegt in Ihrer Verantwortung, diese Seite regelm\u00e4\u00dfig auf \u00c4nderungen zu \u00fcberpr\u00fcfen. Ihre fortgesetzte Nutzung oder Ihr Zugriff auf die Website nach der Ver\u00f6ffentlichung von \u00c4nderungen gilt als Zustimmung zu diesen \u00c4nderungen.<\/p>\n<p>Indem Sie dieser Datenschutzerkl\u00e4rung zustimmen, erkl\u00e4ren Sie, dass Sie sich in Ihrem Bundesstaat oder Gebiet zumindest zum Zeitpunkt der Vollj\u00e4hrigkeit befinden oder dass Sie sich in Ihrem Bundesstaat oder Gebiet zum Zeitpunkt der Vollj\u00e4hrigkeit befinden und uns Ihr Einverst\u00e4ndnis gegeben haben, dass Ihre minderj\u00e4hrigen Schutzbefohlenen diese Site nutzen d\u00fcrfen.<\/p>\n<p>Sie d\u00fcrfen unsere Produkte nicht f\u00fcr rechtswidrige oder nicht genehmigte Zwecke verwenden und Sie d\u00fcrfen bei der Nutzung des Dienstes auch keine Gesetze in Ihrem Zust\u00e4ndigkeitsbereich verletzen (einschlie\u00dflich, aber nicht beschr\u00e4nkt auf Urheberrechtsgesetze).<\/p>\n<p>Sie sollten keine W\u00fcrmer oder Infektionen oder gef\u00e4hrlichen Code \u00fcbertragen.<\/p>\n<p>Ein Versto\u00df gegen die Datenschutzrichtlinie oder eine Verletzung dieser Datenschutzrichtlinie f\u00fchrt zur sofortigen Beendigung Ihrer Dienste.<\/p>","protected":false},"excerpt":{"rendered":"<p>Diese Website wird von eta-england.uk betrieben. Die Ausdr\u00fccke \"wir\", \"uns\" und \"unser\" beziehen sich auf eta-england.uk. eta-england.uk bietet Ihnen, dem Kunden, diese Website, einschlie\u00dflich aller Daten, Ger\u00e4te und Verwaltungen, die von dieser Website aus zug\u00e4nglich sind, unter der Voraussetzung an, dass Sie die hier ausgedr\u00fcckten Bedingungen, Strategien und Mitteilungen als gleichwertig anerkennen. Wenn es nicht zu viel ist...<\/p>","protected":false},"author":2,"featured_media":0,"parent":0,"menu_order":0,"comment_status":"closed","ping_status":"closed","template":"","meta":{"footnotes":""},"class_list":["post-12","page","type-page","status-publish","hentry"],"_links":{"self":[{"href":"https:\/\/eta-england.uk\/de\/wp-json\/wp\/v2\/pages\/12","targetHints":{"allow":["GET"]}}],"collection":[{"href":"https:\/\/eta-england.uk\/de\/wp-json\/wp\/v2\/pages"}],"about":[{"href":"https:\/\/eta-england.uk\/de\/wp-json\/wp\/v2\/types\/page"}],"author":[{"embeddable":true,"href":"https:\/\/eta-england.uk\/de\/wp-json\/wp\/v2\/users\/2"}],"replies":[{"embeddable":true,"href":"https:\/\/eta-england.uk\/de\/wp-json\/wp\/v2\/comments?post=12"}],"version-history":[{"count":0,"href":"https:\/\/eta-england.uk\/de\/wp-json\/wp\/v2\/pages\/12\/revisions"}],"wp:attachment":[{"href":"https:\/\/eta-england.uk\/de\/wp-json\/wp\/v2\/media?parent=12"}],"curies":[{"name":"wp","href":"https:\/\/api.w.org\/{rel}","templated":true}]}}