{"id":9,"date":"2025-07-23T07:50:03","date_gmt":"2025-07-23T07:50:03","guid":{"rendered":"https:\/\/eta-england.uk\/cookie-policy\/"},"modified":"2025-07-23T07:50:03","modified_gmt":"2025-07-23T07:50:03","slug":"cookie-policy","status":"publish","type":"page","link":"https:\/\/eta-england.uk\/cs\/cookie-policy\/","title":{"rendered":"Z\u00e1sady pou\u017e\u00edv\u00e1n\u00ed soubor\u016f cookie"},"content":{"rendered":"<p><strong>Z\u00e1sady pou\u017e\u00edv\u00e1n\u00ed soubor\u016f cookie<\/strong><br \/>\n  1. kv\u011btna 2025<br \/>\n  https:\/\/eta-england.uk se zavazuje chr\u00e1nit va\u0161e soukrom\u00ed online.<\/p>\n<p><strong>Jak\u00e9 informace shroma\u017e\u010fujeme?<\/strong><\/p>\n<p>Shroma\u017e\u010fujeme od v\u00e1s informace, kdy\u017e nav\u0161t\u00edv\u00edte na\u0161e str\u00e1nky. P\u0159i odes\u00edl\u00e1n\u00ed nebo registraci na na\u0161ich str\u00e1nk\u00e1ch m\u016f\u017eete b\u00fdt po\u017e\u00e1d\u00e1ni o zad\u00e1n\u00ed sv\u00e9ho: jm\u00e9na nebo e-mailov\u00e9 adresy. Na\u0161e str\u00e1nky v\u0161ak m\u016f\u017eete nav\u0161t\u00edvit anonymn\u011b.<\/p>\n<p><strong>Jak\u00e9 informace shroma\u017e\u010fujeme?<\/strong><\/p>\n<p>Shroma\u017e\u010fujeme od v\u00e1s informace, kdy\u017e nav\u0161t\u00edv\u00edte na\u0161e str\u00e1nky. P\u0159i odes\u00edl\u00e1n\u00ed nebo registraci na na\u0161ich str\u00e1nk\u00e1ch m\u016f\u017eete b\u00fdt po\u017e\u00e1d\u00e1ni o zad\u00e1n\u00ed sv\u00e9ho: jm\u00e9na nebo e-mailov\u00e9 adresy. Na\u0161e str\u00e1nky v\u0161ak m\u016f\u017eete nav\u0161t\u00edvit anonymn\u011b.<\/p>\n<p><strong>K \u010demu pou\u017e\u00edv\u00e1me va\u0161e informace?<\/strong><\/p>\n<p>Ve\u0161ker\u00e9 informace, kter\u00e9 od v\u00e1s shroma\u017e\u010fujeme, mohou b\u00fdt pou\u017eity jedn\u00edm z n\u00e1sleduj\u00edc\u00edch zp\u016fsob\u016f:<\/p>\n<p>- Pro vylep\u0161en\u00ed na\u0161ich webov\u00fdch str\u00e1nek<\/p>\n<p>- Pro zlep\u0161en\u00ed z\u00e1kaznick\u00fdch slu\u017eeb<\/p>\n<p><strong>Soubory cookie<\/strong><\/p>\n<p>Soubory cookie jsou mal\u00e9 soubory, kter\u00e9 webov\u00e1 str\u00e1nka nebo jej\u00ed poskytovatel slu\u017eeb p\u0159en\u00e1\u0161\u00ed na pevn\u00fd disk va\u0161eho po\u010d\u00edta\u010de prost\u0159ednictv\u00edm webov\u00e9ho prohl\u00ed\u017ee\u010de (pokud to povol\u00edte). To umo\u017e\u0148uje syst\u00e9m\u016fm str\u00e1nek nebo poskytovatel\u016f slu\u017eeb rozpoznat v\u00e1\u0161 prohl\u00ed\u017ee\u010d a zachytit a zapamatovat si ur\u010dit\u00e9 informace. Soubory cookie pou\u017e\u00edv\u00e1me k pochopen\u00ed a ulo\u017een\u00ed va\u0161ich preferenc\u00ed pro budouc\u00ed n\u00e1v\u0161t\u011bvy.<\/p>\n<p><strong>Z\u00e1sady ochrany osobn\u00edch \u00fadaj\u016f online<\/strong><\/p>\n<p>Tyto z\u00e1sady ochrany osobn\u00edch \u00fadaj\u016f online se vztahuj\u00ed pouze na informace shrom\u00e1\u017ed\u011bn\u00e9 prost\u0159ednictv\u00edm na\u0161ich webov\u00fdch str\u00e1nek, nikoli na informace shrom\u00e1\u017ed\u011bn\u00e9 offline.<\/p>\n<p><strong>Zm\u011bny na\u0161ich Z\u00e1sad ochrany osobn\u00edch \u00fadaj\u016f<\/strong><\/p>\n<p>Pokud se rozhodneme zm\u011bnit na\u0161e z\u00e1sady ochrany osobn\u00edch \u00fadaj\u016f, zve\u0159ejn\u00edme tyto zm\u011bny na t\u00e9to str\u00e1nce. M\u00e1te-li jak\u00e9koli dotazy a n\u00e1vrhy t\u00fdkaj\u00edc\u00ed se na\u0161eho prohl\u00e1\u0161en\u00ed o z\u00e1sad\u00e1ch ochrany osobn\u00edch \u00fadaj\u016f, kontaktujte n\u00e1s a my se v\u00e1m brzy ozveme.<\/p>","protected":false},"excerpt":{"rendered":"<p>Cookie Policy May 01, 2025 https:\/\/eta-england.uk is committed to protecting your privacy online. What information do we collect? We collect information from you when you visit our site. When submitting or registering on our site, you may be asked to enter your: name or e-mail address. You may, however, visit our site anonymously. What information&#8230;<\/p>","protected":false},"author":2,"featured_media":0,"parent":0,"menu_order":0,"comment_status":"closed","ping_status":"closed","template":"","meta":{"footnotes":""},"class_list":["post-9","page","type-page","status-publish","hentry"],"_links":{"self":[{"href":"https:\/\/eta-england.uk\/cs\/wp-json\/wp\/v2\/pages\/9","targetHints":{"allow":["GET"]}}],"collection":[{"href":"https:\/\/eta-england.uk\/cs\/wp-json\/wp\/v2\/pages"}],"about":[{"href":"https:\/\/eta-england.uk\/cs\/wp-json\/wp\/v2\/types\/page"}],"author":[{"embeddable":true,"href":"https:\/\/eta-england.uk\/cs\/wp-json\/wp\/v2\/users\/2"}],"replies":[{"embeddable":true,"href":"https:\/\/eta-england.uk\/cs\/wp-json\/wp\/v2\/comments?post=9"}],"version-history":[{"count":0,"href":"https:\/\/eta-england.uk\/cs\/wp-json\/wp\/v2\/pages\/9\/revisions"}],"wp:attachment":[{"href":"https:\/\/eta-england.uk\/cs\/wp-json\/wp\/v2\/media?parent=9"}],"curies":[{"name":"wp","href":"https:\/\/api.w.org\/{rel}","templated":true}]}}