{"id":3,"date":"2025-07-22T14:04:13","date_gmt":"2025-07-22T14:04:13","guid":{"rendered":"https:\/\/eta-england.uk\/?page_id=3"},"modified":"2025-07-23T07:54:11","modified_gmt":"2025-07-23T07:54:11","slug":"privacy-policy","status":"publish","type":"page","link":"https:\/\/eta-england.uk\/cs\/privacy-policy\/","title":{"rendered":"Z\u00e1sady ochrany osobn\u00edch \u00fadaj\u016f"},"content":{"rendered":"<p>V\u00edtejte na str\u00e1nk\u00e1ch http:\/\/eta-england.uk (\u201eStr\u00e1nky\u201c). Ch\u00e1peme, \u017ee soukrom\u00ed online je pro u\u017eivatele na\u0161ich Str\u00e1nek d\u016fle\u017eit\u00e9, zejm\u00e9na p\u0159i podnik\u00e1n\u00ed. Toto prohl\u00e1\u0161en\u00ed upravuje na\u0161e z\u00e1sady ochrany osobn\u00edch \u00fadaj\u016f s ohledem na ty u\u017eivatele Str\u00e1nek (\u201eN\u00e1v\u0161t\u011bvn\u00edci\u201c), kte\u0159\u00ed je nav\u0161t\u011bvuj\u00ed, ani\u017e by prov\u00e1d\u011bli obchodn\u00ed transakce, a na N\u00e1v\u0161t\u011bvn\u00edky, kte\u0159\u00ed se zaregistruj\u00ed k obchodn\u00edm transakc\u00edm na Str\u00e1nk\u00e1ch a vyu\u017e\u00edvaj\u00ed r\u016fzn\u00e9 slu\u017eby nab\u00edzen\u00e9 spole\u010dnost\u00ed eta-england (souhrnn\u011b \u201eSlu\u017eby\u201c) (\u201eOpr\u00e1vn\u011bn\u00ed z\u00e1kazn\u00edci\u201c).<\/p>\n<p><strong>\u201eOsobn\u00ed identifika\u010dn\u00ed \u00fadaje\u201c<\/strong><\/p>\n<p>ozna\u010duje jak\u00e9koli informace, kter\u00e9 identifikuj\u00ed nebo mohou b\u00fdt pou\u017eity k identifikaci, kontaktov\u00e1n\u00ed nebo nalezen\u00ed osoby, kter\u00e9 se tyto informace t\u00fdkaj\u00ed, v\u010detn\u011b, ale nikoli v\u00fdhradn\u011b, jm\u00e9na, adresy, telefonn\u00edho \u010d\u00edsla, faxov\u00e9ho \u010d\u00edsla, e-mailov\u00e9 adresy, finan\u010dn\u00edch profil\u016f, \u010d\u00edsla soci\u00e1ln\u00edho zabezpe\u010den\u00ed a informac\u00ed o kreditn\u00ed kart\u011b. Osobn\u011b identifikovateln\u00e9 \u00fadaje nezahrnuj\u00ed informace shroma\u017e\u010fovan\u00e9 anonymn\u011b (tj. bez identifikace jednotliv\u00e9ho u\u017eivatele) ani demografick\u00e9 informace, kter\u00e9 nejsou spojeny s identifikovanou osobou.<\/p>\n<p><strong>Jak\u00e9 osobn\u00ed \u00fadaje se shroma\u017e\u010fuj\u00ed?<\/strong><\/p>\n<p>Od v\u0161ech na\u0161ich n\u00e1v\u0161t\u011bvn\u00edk\u016f m\u016f\u017eeme shroma\u017e\u010fovat z\u00e1kladn\u00ed informace o u\u017eivatelsk\u00fdch profilech. Od na\u0161ich opr\u00e1vn\u011bn\u00fdch z\u00e1kazn\u00edk\u016f shroma\u017e\u010fujeme n\u00e1sleduj\u00edc\u00ed dopl\u0148uj\u00edc\u00ed informace: jm\u00e9na, adresy, telefonn\u00ed \u010d\u00edsla a e-mailov\u00e9 adresy opr\u00e1vn\u011bn\u00fdch z\u00e1kazn\u00edk\u016f, povahu a velikost podnik\u00e1n\u00ed a povahu a velikost reklamn\u00edho invent\u00e1\u0159e, kter\u00fd opr\u00e1vn\u011bn\u00fd z\u00e1kazn\u00edk hodl\u00e1 koupit nebo prodat.<\/p>\n<p><strong>Kter\u00e9 organizace shroma\u017e\u010fuj\u00ed informace?<\/strong><\/p>\n<p>Krom\u011b na\u0161eho p\u0159\u00edm\u00e9ho shroma\u017e\u010fov\u00e1n\u00ed informac\u00ed mohou tyto informace od na\u0161ich n\u00e1v\u0161t\u011bvn\u00edk\u016f a opr\u00e1vn\u011bn\u00fdch z\u00e1kazn\u00edk\u016f shroma\u017e\u010fovat i na\u0161i extern\u00ed dodavatel\u00e9 slu\u017eeb (nap\u0159\u00edklad spole\u010dnosti vyd\u00e1vaj\u00edc\u00ed kreditn\u00ed karty, clearingov\u00e9 spole\u010dnosti a banky), kte\u0159\u00ed mohou poskytovat slu\u017eby, jako jsou \u00fav\u011brov\u00e9, poji\u0161\u0165ovac\u00ed a \u00faschovn\u00ed slu\u017eby. Nekontrolujeme, jak tyto t\u0159et\u00ed strany tyto informace pou\u017e\u00edvaj\u00ed, ale \u017e\u00e1d\u00e1me je, aby sd\u011blily, jak pou\u017e\u00edvaj\u00ed osobn\u00ed \u00fadaje, kter\u00e9 jim n\u00e1v\u0161t\u011bvn\u00edci a opr\u00e1vn\u011bn\u00ed z\u00e1kazn\u00edci poskytnou. N\u011bkter\u00e9 z t\u011bchto t\u0159et\u00edch stran mohou b\u00fdt zprost\u0159edkovateli, kte\u0159\u00ed jednaj\u00ed v\u00fdhradn\u011b jako \u010dl\u00e1nky v distribu\u010dn\u00edm \u0159et\u011bzci a informace, kter\u00e9 jim byly poskytnuty, neukl\u00e1daj\u00ed, neponech\u00e1vaj\u00ed ani nepou\u017e\u00edvaj\u00ed.<\/p>\n<p><strong>Jak web pou\u017e\u00edv\u00e1 osobn\u00ed \u00fadaje?<\/strong><\/p>\n<p>Osobn\u00ed \u00fadaje pou\u017e\u00edv\u00e1me k p\u0159izp\u016fsoben\u00ed Str\u00e1nek, k nab\u00edzen\u00ed vhodn\u00fdch slu\u017eeb a k vy\u0159izov\u00e1n\u00ed po\u017eadavk\u016f na n\u00e1kup a prodej na Str\u00e1nk\u00e1ch. N\u00e1v\u0161t\u011bvn\u00edk\u016fm a Opr\u00e1vn\u011bn\u00fdm z\u00e1kazn\u00edk\u016fm m\u016f\u017eeme zas\u00edlat e-maily o v\u00fdzkumn\u00fdch nebo n\u00e1kupn\u00edch a prodejn\u00edch p\u0159\u00edle\u017eitostech na Str\u00e1nk\u00e1ch nebo o informac\u00edch t\u00fdkaj\u00edc\u00edch se t\u00e9matu Str\u00e1nek. Osobn\u00ed \u00fadaje m\u016f\u017eeme tak\u00e9 pou\u017e\u00edt ke kontaktov\u00e1n\u00ed N\u00e1v\u0161t\u011bvn\u00edk\u016f a Opr\u00e1vn\u011bn\u00fdch z\u00e1kazn\u00edk\u016f v reakci na konkr\u00e9tn\u00ed dotazy nebo k poskytnut\u00ed po\u017eadovan\u00fdch informac\u00ed.<\/p>\n<p><strong>S k\u00fdm mohou b\u00fdt informace sd\u00edleny?<\/strong><\/p>\n<p>Osobn\u00ed identifika\u010dn\u00ed \u00fadaje o opr\u00e1vn\u011bn\u00fdch z\u00e1kazn\u00edc\u00edch mohou b\u00fdt sd\u00edleny s dal\u0161\u00edmi opr\u00e1vn\u011bn\u00fdmi z\u00e1kazn\u00edky, kte\u0159\u00ed si p\u0159ej\u00ed vyhodnotit potenci\u00e1ln\u00ed transakce s jin\u00fdmi opr\u00e1vn\u011bn\u00fdmi z\u00e1kazn\u00edky. Souhrnn\u00e9 informace o na\u0161ich n\u00e1v\u0161t\u011bvn\u00edc\u00edch, v\u010detn\u011b demografick\u00fdch \u00fadaj\u016f na\u0161ich n\u00e1v\u0161t\u011bvn\u00edk\u016f a opr\u00e1vn\u011bn\u00fdch z\u00e1kazn\u00edk\u016f, m\u016f\u017eeme sd\u00edlet s na\u0161imi p\u0159idru\u017een\u00fdmi agenturami a extern\u00edmi dodavateli. Nab\u00edz\u00edme tak\u00e9 mo\u017enost \u201eodhl\u00e1sit se\u201c z p\u0159ij\u00edm\u00e1n\u00ed informac\u00ed nebo z kontaktov\u00e1n\u00ed z na\u0161\u00ed strany nebo ze strany jak\u00e9koli agentury jednaj\u00edc\u00ed v na\u0161em zastoupen\u00ed.<\/p>\n<p><strong>Jak se ukl\u00e1daj\u00ed osobn\u00ed \u00fadaje?<\/strong><\/p>\n<p>Osobn\u00ed identifika\u010dn\u00ed \u00fadaje shrom\u00e1\u017ed\u011bn\u00e9 spole\u010dnost\u00ed eta-england jsou bezpe\u010dn\u011b ulo\u017eeny a nejsou p\u0159\u00edstupn\u00e9 t\u0159et\u00edm stran\u00e1m ani zam\u011bstnanc\u016fm spole\u010dnosti eta-england, s v\u00fdjimkou pou\u017eit\u00ed uveden\u00fdch v\u00fd\u0161e.<\/p>\n<p><strong>Jak\u00e9 mo\u017enosti maj\u00ed n\u00e1v\u0161t\u011bvn\u00edci k dispozici ohledn\u011b shroma\u017e\u010fov\u00e1n\u00ed, pou\u017e\u00edv\u00e1n\u00ed a distribuce informac\u00ed?<\/strong><\/p>\n<p>N\u00e1v\u0161t\u011bvn\u00edci a opr\u00e1vn\u011bn\u00ed z\u00e1kazn\u00edci se mohou odhl\u00e1sit z odb\u011bru nevy\u017e\u00e1dan\u00fdch informac\u00ed nebo z kontaktov\u00e1n\u00ed z na\u0161\u00ed strany a\/nebo z na\u0161\u00ed strany, a to odpov\u011bd\u00ed na e-maily dle pokyn\u016f nebo kontaktov\u00e1n\u00edm na adrese 13 Helland Bridge, UNION CROFT, AB3 5NR. <strong>(Spojen\u00e9 kr\u00e1lovstv\u00ed)<\/strong><\/p>\n<p><strong>Pou\u017e\u00edvaj\u00ed se na webu soubory cookie?<\/strong><\/p>\n<p>Soubory cookie se pou\u017e\u00edvaj\u00ed z r\u016fzn\u00fdch d\u016fvod\u016f. Soubory cookie pou\u017e\u00edv\u00e1me k z\u00edsk\u00e1v\u00e1n\u00ed informac\u00ed o preferenc\u00edch na\u0161ich n\u00e1v\u0161t\u011bvn\u00edk\u016f a slu\u017eb\u00e1ch, kter\u00e9 si vyb\u00edraj\u00ed. Soubory cookie pou\u017e\u00edv\u00e1me tak\u00e9 z bezpe\u010dnostn\u00edch d\u016fvod\u016f k ochran\u011b na\u0161ich autorizovan\u00fdch z\u00e1kazn\u00edk\u016f. Pokud je nap\u0159\u00edklad autorizovan\u00fd z\u00e1kazn\u00edk p\u0159ihl\u00e1\u0161en a web nen\u00ed pou\u017e\u00edv\u00e1n d\u00e9le ne\u017e 10 minut, automaticky ho odhl\u00e1s\u00edme.<\/p>\n<p><strong>Jak eta-england pou\u017e\u00edv\u00e1 p\u0159ihla\u0161ovac\u00ed \u00fadaje?<\/strong><\/p>\n<p>Spole\u010dnost eta-england pou\u017e\u00edv\u00e1 p\u0159ihla\u0161ovac\u00ed \u00fadaje, v\u010detn\u011b mimo jin\u00e9 IP adres, poskytovatel\u016f internetov\u00fdch slu\u017eeb a typ\u016f prohl\u00ed\u017ee\u010d\u016f, k anal\u00fdze trend\u016f, spr\u00e1v\u011b str\u00e1nek, sledov\u00e1n\u00ed pohybu a pou\u017e\u00edv\u00e1n\u00ed u\u017eivatel\u016f a shroma\u017e\u010fov\u00e1n\u00ed obecn\u00fdch demografick\u00fdch informac\u00ed.<\/p>\n<p><strong>Kte\u0159\u00ed partne\u0159i nebo poskytovatel\u00e9 slu\u017eeb maj\u00ed p\u0159\u00edstup k osobn\u00edm \u00fadaj\u016fm n\u00e1v\u0161t\u011bvn\u00edk\u016f a\/nebo opr\u00e1vn\u011bn\u00fdch z\u00e1kazn\u00edk\u016f na webu?<\/strong><\/p>\n<p>Spole\u010dnost eta-england uzav\u0159ela a bude i nad\u00e1le uzav\u00edrat partnerstv\u00ed a dal\u0161\u00ed p\u0159idru\u017een\u00ed s \u0159adou dodavatel\u016f. Tito dodavatel\u00e9 mohou m\u00edt p\u0159\u00edstup k ur\u010dit\u00fdm osobn\u00edm \u00fadaj\u016fm na z\u00e1klad\u011b pot\u0159eby v\u011bd\u011bt za \u00fa\u010delem posouzen\u00ed zp\u016fsobilosti opr\u00e1vn\u011bn\u00fdch z\u00e1kazn\u00edk\u016f k poskytov\u00e1n\u00ed slu\u017eeb. Na\u0161e z\u00e1sady ochrany osobn\u00edch \u00fadaj\u016f se nevztahuj\u00ed na shroma\u017e\u010fov\u00e1n\u00ed ani pou\u017e\u00edv\u00e1n\u00ed t\u011bchto informac\u00ed. Zve\u0159ej\u0148ov\u00e1n\u00ed osobn\u00edch \u00fadaj\u016f za \u00fa\u010delem dodr\u017eov\u00e1n\u00ed z\u00e1kona. Osobn\u00ed \u00fadaje zve\u0159ejn\u00edme, abychom vyhov\u011bli soudn\u00edmu p\u0159\u00edkazu, p\u0159edvol\u00e1n\u00ed nebo \u017e\u00e1dosti org\u00e1nu \u010dinn\u00e9ho v trestn\u00edm \u0159\u00edzen\u00ed o zve\u0159ejn\u011bn\u00ed informac\u00ed. Osobn\u00ed \u00fadaje zve\u0159ejn\u00edme tak\u00e9, pokud je to p\u0159im\u011b\u0159en\u011b nezbytn\u00e9 k ochran\u011b bezpe\u010dnosti na\u0161ich n\u00e1v\u0161t\u011bvn\u00edk\u016f a opr\u00e1vn\u011bn\u00fdch z\u00e1kazn\u00edk\u016f.<\/p>\n<p><strong>Jak web chr\u00e1n\u00ed osobn\u00ed identifika\u010dn\u00ed \u00fadaje?<\/strong><\/p>\n<p>V\u0161ichni na\u0161i zam\u011bstnanci jsou sezn\u00e1meni s na\u0161imi bezpe\u010dnostn\u00edmi z\u00e1sadami a postupy. Osobn\u00ed \u00fadaje na\u0161ich n\u00e1v\u0161t\u011bvn\u00edk\u016f a opr\u00e1vn\u011bn\u00fdch z\u00e1kazn\u00edk\u016f jsou p\u0159\u00edstupn\u00e9 pouze omezen\u00e9mu po\u010dtu kvalifikovan\u00fdch zam\u011bstnanc\u016f, kter\u00fdm je pro p\u0159\u00edstup k t\u011bmto informac\u00edm p\u0159id\u011bleno heslo. Na\u0161e bezpe\u010dnostn\u00ed syst\u00e9my a procesy pravideln\u011b auditujeme. Citliv\u00e9 informace, jako jsou \u010d\u00edsla kreditn\u00edch karet nebo \u010d\u00edsla soci\u00e1ln\u00edho zabezpe\u010den\u00ed, jsou chr\u00e1n\u011bny \u0161ifrovac\u00edmi protokoly, kter\u00e9 slou\u017e\u00ed k ochran\u011b informac\u00ed odes\u00edlan\u00fdch p\u0159es internet. P\u0159esto\u017ee p\u0159ij\u00edm\u00e1me komer\u010dn\u011b p\u0159im\u011b\u0159en\u00e1 opat\u0159en\u00ed k udr\u017een\u00ed bezpe\u010dnosti webu, elektronick\u00e1 komunikace a datab\u00e1ze jsou n\u00e1chyln\u00e9 k chyb\u00e1m, neopr\u00e1vn\u011bn\u00fdm z\u00e1sah\u016fm a vloup\u00e1n\u00edm a nem\u016f\u017eeme zaru\u010dit ani zaru\u010dit, \u017ee k takov\u00fdm ud\u00e1lostem nedojde, a neneseme odpov\u011bdnost v\u016f\u010di n\u00e1v\u0161t\u011bvn\u00edk\u016fm ani opr\u00e1vn\u011bn\u00fdm z\u00e1kazn\u00edk\u016fm za \u017e\u00e1dn\u00e9 takov\u00e9 ud\u00e1losti.<\/p>\n<p><strong>Jak mohou n\u00e1v\u0161t\u011bvn\u00edci opravit jak\u00e9koli nep\u0159esnosti v osobn\u00edch \u00fadaj\u00edch?<\/strong><\/p>\n<p>N\u00e1v\u0161t\u011bvn\u00edci a opr\u00e1vn\u011bn\u00ed z\u00e1kazn\u00edci n\u00e1s mohou kontaktovat za \u00fa\u010delem aktualizace sv\u00fdch osobn\u00edch \u00fadaj\u016f nebo opravy jak\u00fdchkoli nep\u0159esnost\u00ed zasl\u00e1n\u00edm e-mailu na adresu info@eta-england.uk.<\/p>\n<p><strong>M\u016f\u017ee n\u00e1v\u0161t\u011bvn\u00edk smazat nebo deaktivovat osobn\u00ed \u00fadaje shrom\u00e1\u017ed\u011bn\u00e9 webem?<\/strong><\/p>\n<p>N\u00e1v\u0161t\u011bvn\u00edk\u016fm a opr\u00e1vn\u011bn\u00fdm z\u00e1kazn\u00edk\u016fm poskytujeme mechanismus pro smaz\u00e1n\u00ed\/deaktivaci osobn\u00edch \u00fadaj\u016f z datab\u00e1ze str\u00e1nek kontaktov\u00e1n\u00edm . Vzhledem k z\u00e1loh\u00e1m a z\u00e1znam\u016fm o smaz\u00e1n\u00ed v\u0161ak m\u016f\u017ee b\u00fdt nemo\u017en\u00e9 smazat z\u00e1znam n\u00e1v\u0161t\u011bvn\u00edka bez zachov\u00e1n\u00ed n\u011bkter\u00fdch zb\u00fdvaj\u00edc\u00edch informac\u00ed. Osob\u011b, kter\u00e1 po\u017e\u00e1d\u00e1 o deaktivaci osobn\u00edch \u00fadaj\u016f, budou tyto informace funk\u010dn\u011b smaz\u00e1ny a my nebudeme osobn\u00ed \u00fadaje t\u00fdkaj\u00edc\u00ed se t\u00e9to osoby v budoucnu \u017e\u00e1dn\u00fdm zp\u016fsobem prod\u00e1vat, p\u0159ev\u00e1d\u011bt ani pou\u017e\u00edvat.<\/p>\n<p><strong>Co se stane, kdy\u017e se Z\u00e1sady ochrany osobn\u00edch \u00fadaj\u016f zm\u011bn\u00ed?<\/strong><\/p>\n<p>Na\u0161e n\u00e1v\u0161t\u011bvn\u00edky a opr\u00e1vn\u011bn\u00e9 z\u00e1kazn\u00edky budeme o zm\u011bn\u00e1ch na\u0161ich z\u00e1sad ochrany osobn\u00edch \u00fadaj\u016f informovat zve\u0159ejn\u011bn\u00edm t\u011bchto zm\u011bn na Str\u00e1nk\u00e1ch. Pokud v\u0161ak na\u0161e z\u00e1sady ochrany osobn\u00edch \u00fadaj\u016f zm\u011bn\u00edme zp\u016fsobem, kter\u00fd by mohl v\u00e9st ke zve\u0159ejn\u011bn\u00ed osobn\u00edch \u00fadaj\u016f, o jejich\u017e zve\u0159ejn\u011bn\u00ed si n\u00e1v\u0161t\u011bvn\u00edk nebo opr\u00e1vn\u011bn\u00fd z\u00e1kazn\u00edk d\u0159\u00edve ne\u017e\u00e1dal, budeme takov\u00e9ho n\u00e1v\u0161t\u011bvn\u00edka nebo opr\u00e1vn\u011bn\u00e9ho z\u00e1kazn\u00edka kontaktovat, abychom mu umo\u017enili takov\u00e9mu zve\u0159ejn\u011bn\u00ed zabr\u00e1nit.<\/p>\n<p><strong>Odkazy:<\/strong><\/p>\n<p>Str\u00e1nka http:\/\/eta-england.uk obsahuje odkazy na jin\u00e9 webov\u00e9 str\u00e1nky. Upozor\u0148ujeme, \u017ee kliknut\u00edm na jeden z t\u011bchto odkaz\u016f p\u0159ejdete na jinou webovou str\u00e1nku. Doporu\u010dujeme v\u00e1m p\u0159e\u010d\u00edst si prohl\u00e1\u0161en\u00ed o ochran\u011b osobn\u00edch \u00fadaj\u016f t\u011bchto odkazovan\u00fdch str\u00e1nek, proto\u017ee jejich z\u00e1sady ochrany osobn\u00edch \u00fadaj\u016f se mohou li\u0161it od na\u0161ich.<\/p>","protected":false},"excerpt":{"rendered":"<p>Welcome to http:\/\/eta-england.uk(the \u201dSite\u201d).We understand that privacy online is important to users of our Site, especially when conducting business.This statement governs our privacy policies with respect to those users of the Site (\u201dVisitors\u201d) who visit without transacting business and Visitors who register to transact business on the Site and make use of the various services&#8230;<\/p>","protected":false},"author":1,"featured_media":0,"parent":0,"menu_order":0,"comment_status":"closed","ping_status":"open","template":"","meta":{"footnotes":""},"class_list":["post-3","page","type-page","status-publish","hentry"],"_links":{"self":[{"href":"https:\/\/eta-england.uk\/cs\/wp-json\/wp\/v2\/pages\/3","targetHints":{"allow":["GET"]}}],"collection":[{"href":"https:\/\/eta-england.uk\/cs\/wp-json\/wp\/v2\/pages"}],"about":[{"href":"https:\/\/eta-england.uk\/cs\/wp-json\/wp\/v2\/types\/page"}],"author":[{"embeddable":true,"href":"https:\/\/eta-england.uk\/cs\/wp-json\/wp\/v2\/users\/1"}],"replies":[{"embeddable":true,"href":"https:\/\/eta-england.uk\/cs\/wp-json\/wp\/v2\/comments?post=3"}],"version-history":[{"count":2,"href":"https:\/\/eta-england.uk\/cs\/wp-json\/wp\/v2\/pages\/3\/revisions"}],"predecessor-version":[{"id":19,"href":"https:\/\/eta-england.uk\/cs\/wp-json\/wp\/v2\/pages\/3\/revisions\/19"}],"wp:attachment":[{"href":"https:\/\/eta-england.uk\/cs\/wp-json\/wp\/v2\/media?parent=3"}],"curies":[{"name":"wp","href":"https:\/\/api.w.org\/{rel}","templated":true}]}}