{"id":14,"date":"2025-07-23T07:50:04","date_gmt":"2025-07-23T07:50:04","guid":{"rendered":"https:\/\/eta-england.uk\/imprint\/"},"modified":"2025-07-23T07:50:04","modified_gmt":"2025-07-23T07:50:04","slug":"imprint","status":"publish","type":"page","link":"https:\/\/eta-england.uk\/cs\/imprint\/","title":{"rendered":"Otisk"},"content":{"rendered":"<p><strong>Odpov\u011bdnost za obsah<\/strong><\/p>\n<p>Obsah na\u0161ich str\u00e1nek byl vytvo\u0159en s maxim\u00e1ln\u00ed p\u00e9\u010d\u00ed. V \u017e\u00e1dn\u00e9m p\u0159\u00edpad\u011b nem\u016f\u017eeme zaru\u010dit p\u0159esnost, \u00faplnost ani aktu\u00e1lnost obsahu. V souladu se z\u00e1konn\u00fdmi ustanoven\u00edmi jsme tak\u00e9 odpov\u011bdn\u00ed za obsah na t\u011bchto str\u00e1nk\u00e1ch. V t\u00e9to v\u00fdjime\u010dn\u00e9 situaci, pokud v\u00e1m to nevad\u00ed, vezm\u011bte na v\u011bdom\u00ed, \u017ee stejn\u011b tak nejsme povinni kontrolovat pouze p\u0159en\u00e1\u0161en\u00e9 nebo uchov\u00e1van\u00e9 \u00fadaje ciz\u00edch osob ani vy\u0161et\u0159ovat okolnosti nazna\u010duj\u00edc\u00ed trestnou \u010dinnost. Na\u0161e z\u00e1vazky zabr\u00e1nit nebo zabr\u00e1nit pou\u017e\u00edv\u00e1n\u00ed \u00fadaj\u016f podle v\u011bt\u0161iny p\u0159\u00edslu\u0161n\u00fdch z\u00e1kon\u016f t\u00edmto z\u016fst\u00e1vaj\u00ed v souladu s \u00a7\u00a7 8 a\u017e 10 z\u00e1kona o telekomunika\u010dn\u00edch m\u00e9di\u00edch (TMG) nedot\u010deny.<\/p>\n<p><strong>Zodpov\u011bdnost za spojen\u00ed<\/strong><\/p>\n<p>Povinnost ohledn\u011b obsahu extern\u00edch propojen\u00ed (na str\u00e1nky extern\u00edch subjekt\u016f) nese v\u00fdhradn\u011b administr\u00e1tor propojen\u00fdch str\u00e1nek. V dob\u011b propojen\u00ed n\u00e1m nebylo z\u0159ejm\u00e9 \u017e\u00e1dn\u00e9 poru\u0161en\u00ed pr\u00e1v. Pokud se dozv\u00edme o jak\u00e9mkoli protipr\u00e1vn\u00edm z\u00e1sahu, dan\u00e9 propojen\u00ed neprodlen\u011b odstran\u00edme.<\/p>\n<p>Obecn\u011b plat\u00ed standard \u201en\u00e1rodn\u00ed v\u00fdchoz\u00ed bod\u201c, jak je uvedeno v \u00a7 3 odst. 1 TMG, co\u017e znamen\u00e1, \u017ee extern\u00ed sdru\u017een\u00ed nejsou z\u00e1visl\u00e1 na po\u017eadavku na grav\u00edrov\u00e1n\u00ed. Mnoho sdru\u017een\u00ed v\u0161ak nem\u00e1 ani tu\u0161en\u00ed, \u017ee obchodn\u00ed prostor ve Spojen\u00e9m kr\u00e1lovstv\u00ed (pracovn\u00ed prostor ve spolupracuj\u00edc\u00edm prostoru je ji\u017e dosta\u010duj\u00edc\u00ed) vy\u017eaduje z\u00e1vazek k grav\u00edrov\u00e1n\u00ed. Tot\u00e9\u017e plat\u00ed, pokud extern\u00ed sdru\u017een\u00ed p\u0159\u00edmo oslovuje britsk\u00fd trh sv\u00fdmi s\u00eddly, nap\u0159\u00edklad efektivn\u011b z\u00edsk\u00e1v\u00e1 klienty ve Spojen\u00e9m kr\u00e1lovstv\u00ed. V tomto p\u0159\u00edpad\u011b mus\u00ed doty\u010dn\u00e9 sdru\u017een\u00ed zp\u0159\u00edstupnit grav\u00edrov\u00e1n\u00ed, proto\u017ee brit\u0161t\u00ed kupuj\u00edc\u00ed maj\u00ed \u2013 jak ukazuje rozsudek m\u00edstn\u00edho soudu v Glasgow AM (rozsudek ze dne 28.03.2003, Az. 3-12 O 151\/02) \u2013 z\u00e1jem v\u011bd\u011bt, na kter\u00e9 pr\u00e1vo se vzd\u00e1len\u00e9 sdru\u017een\u00ed vztahuje, kdo je kontaktn\u00ed osobou a jak\u00e9 obchodn\u00ed vazby existuj\u00ed.<\/p>","protected":false},"excerpt":{"rendered":"<p>Responsibility for content The substance of our pages have been made with the most extreme consideration. In any case, we can&rsquo;t ensure the substance&rsquo;s exactness, fulfillment or topicality. As indicated by statutory arrangements, we are besides liable for our own substance on these site pages. In this unique circumstance, if it&rsquo;s not too much trouble&#8230;<\/p>","protected":false},"author":2,"featured_media":0,"parent":0,"menu_order":0,"comment_status":"closed","ping_status":"closed","template":"","meta":{"footnotes":""},"class_list":["post-14","page","type-page","status-publish","hentry"],"_links":{"self":[{"href":"https:\/\/eta-england.uk\/cs\/wp-json\/wp\/v2\/pages\/14","targetHints":{"allow":["GET"]}}],"collection":[{"href":"https:\/\/eta-england.uk\/cs\/wp-json\/wp\/v2\/pages"}],"about":[{"href":"https:\/\/eta-england.uk\/cs\/wp-json\/wp\/v2\/types\/page"}],"author":[{"embeddable":true,"href":"https:\/\/eta-england.uk\/cs\/wp-json\/wp\/v2\/users\/2"}],"replies":[{"embeddable":true,"href":"https:\/\/eta-england.uk\/cs\/wp-json\/wp\/v2\/comments?post=14"}],"version-history":[{"count":0,"href":"https:\/\/eta-england.uk\/cs\/wp-json\/wp\/v2\/pages\/14\/revisions"}],"wp:attachment":[{"href":"https:\/\/eta-england.uk\/cs\/wp-json\/wp\/v2\/media?parent=14"}],"curies":[{"name":"wp","href":"https:\/\/api.w.org\/{rel}","templated":true}]}}