{"id":12,"date":"2025-07-23T07:50:04","date_gmt":"2025-07-23T07:50:04","guid":{"rendered":"https:\/\/eta-england.uk\/privacy-statement\/"},"modified":"2025-07-23T07:50:04","modified_gmt":"2025-07-23T07:50:04","slug":"privacy-statement","status":"publish","type":"page","link":"https:\/\/eta-england.uk\/cs\/privacy-statement\/","title":{"rendered":"Prohl\u00e1\u0161en\u00ed o ochran\u011b osobn\u00edch \u00fadaj\u016f"},"content":{"rendered":"<p>Tyto str\u00e1nky provozuje eta-england.uk. V\u00fdrazy \u201emy\u201c, \u201en\u00e1s\u201c a \u201ena\u0161e\u201c na v\u0161ech str\u00e1nk\u00e1ch odkazuj\u00ed na eta-england.uk. eta-england.uk nab\u00edz\u00ed tyto str\u00e1nky, v\u010detn\u011b v\u0161ech dat, n\u00e1stroj\u016f a slu\u017eeb dostupn\u00fdch z t\u011bchto str\u00e1nek v\u00e1m, z\u00e1kazn\u00edkovi, upraven\u00e9 na z\u00e1klad\u011b va\u0161eho souhlasu s podm\u00ednkami, strategiemi a ozn\u00e1men\u00edmi zde uveden\u00fdmi, za p\u0159edpokladu, \u017ee v\u0161e z\u016fstane stejn\u00e9.<\/p>\n<p>Pokud to nen\u00ed p\u0159\u00edli\u0161 obt\u00ed\u017en\u00e9, p\u0159e\u010dt\u011bte si pe\u010dliv\u011b toto Prohl\u00e1\u0161en\u00ed o ochran\u011b osobn\u00edch \u00fadaj\u016f, ne\u017e vstoup\u00edte na na\u0161e str\u00e1nky nebo je za\u010dnete pou\u017e\u00edvat. Vstupem na str\u00e1nky nebo jejich pou\u017eit\u00edm souhlas\u00edte s t\u00edm, \u017ee budete v\u00e1z\u00e1ni t\u011bmito Podm\u00ednkami slu\u017eby. Pokud nesouhlas\u00edte s cel\u00fdm Prohl\u00e1\u0161en\u00edm o ochran\u011b osobn\u00edch \u00fadaj\u016f v t\u00e9to dohod\u011b, nebudete moci v takov\u00e9m p\u0159\u00edpad\u011b vstoupit na str\u00e1nky ani pou\u017e\u00edvat \u017e\u00e1dn\u00e9 slu\u017eby. Pokud jsou tyto Podm\u00ednky slu\u017eby pova\u017eov\u00e1ny za nab\u00eddku, je jejich pochopen\u00ed v\u00fdslovn\u011b omezeno na toto Prohl\u00e1\u0161en\u00ed o ochran\u011b osobn\u00edch \u00fadaj\u016f.<\/p>\n<p>Ve\u0161ker\u00e9 nov\u00e9 funkce nebo n\u00e1stroje, kter\u00e9 budou p\u0159id\u00e1ny do tohoto obchodu, budou rovn\u011b\u017e z\u00e1viset na Prohl\u00e1\u0161en\u00ed o ochran\u011b osobn\u00edch \u00fadaj\u016f. Nejnov\u011bj\u0161\u00ed verzi Prohl\u00e1\u0161en\u00ed o ochran\u011b osobn\u00edch \u00fadaj\u016f si m\u016f\u017eete kdykoli prohl\u00e9dnout na t\u00e9to str\u00e1nce. Vyhrazujeme si ve\u0161ker\u00e9 pr\u00e1vo aktualizovat, m\u011bnit nebo nahrazovat jakoukoli \u010d\u00e1st tohoto Prohl\u00e1\u0161en\u00ed o ochran\u011b osobn\u00edch \u00fadaj\u016f zve\u0159ejn\u011bn\u00edm aktualizac\u00ed a zm\u011bn na na\u0161ich str\u00e1nk\u00e1ch. Je va\u0161\u00ed povinnost\u00ed tuto str\u00e1nku ob\u010das kontrolovat, zda nedo\u0161lo ke zm\u011bn\u00e1m. Va\u0161e dal\u0161\u00ed pou\u017e\u00edv\u00e1n\u00ed str\u00e1nek nebo p\u0159\u00edstup na n\u011b po zve\u0159ejn\u011bn\u00ed jak\u00fdchkoli zm\u011bn prohla\u0161uje, \u017ee s t\u011bmito zm\u011bnami souhlas\u00edte.<\/p>\n<p>Souhlasem s t\u00edmto Prohl\u00e1\u0161en\u00edm o ochran\u011b osobn\u00edch \u00fadaj\u016f potvrzujete, \u017ee se nach\u00e1z\u00edte p\u0159ev\u00e1\u017en\u011b ve st\u00e1t\u011b nebo oblasti va\u0161eho bydli\u0161t\u011b, nebo \u017ee se nach\u00e1z\u00edte p\u0159ev\u00e1\u017en\u011b ve st\u00e1t\u011b nebo oblasti va\u0161eho bydli\u0161t\u011b, a \u017ee jste n\u00e1m ud\u011blili souhlas s t\u00edm, aby tyto str\u00e1nky pou\u017e\u00edvali va\u0161i nezletil\u00ed sv\u011b\u0159enci.<\/p>\n<p>Na\u0161e produkty nesm\u00edte pou\u017e\u00edvat k \u017e\u00e1dn\u00fdm nez\u00e1konn\u00fdm nebo neschv\u00e1len\u00fdm \u00fa\u010del\u016fm, ani nesm\u00edte p\u0159i pou\u017e\u00edv\u00e1n\u00ed Slu\u017eby zneu\u017e\u00edvat \u017e\u00e1dn\u00e9 z\u00e1kony ve va\u0161\u00ed pravomoci (v\u010detn\u011b, ale nikoli v\u00fdhradn\u011b, autorsk\u00fdch pr\u00e1v).<\/p>\n<p>Nem\u011bli byste p\u0159en\u00e1\u0161et \u017e\u00e1dn\u00e9 \u010dervy, infekce ani \u017e\u00e1dn\u00fd nebezpe\u010dn\u00fd k\u00f3d.<\/p>\n<p>Poru\u0161en\u00ed nebo nedodr\u017een\u00ed kter\u00e9hokoli z Prohl\u00e1\u0161en\u00ed o ochran\u011b osobn\u00edch \u00fadaj\u016f povede k okam\u017eit\u00e9mu ukon\u010den\u00ed va\u0161ich Slu\u017eeb.<\/p>","protected":false},"excerpt":{"rendered":"<p>This site is worked by eta-england.uk. All through the site, the expressions &ldquo;we&rdquo;, &ldquo;us&rdquo; and &ldquo;our&rdquo; allude to eta-england.uk. eta-england.uk offers this site, including all data, devices and administrations accessible from this site to you, the client, adapted upon your acknowledgment everything being equal, conditions, strategies and notification expressed here. If it&rsquo;s not too much&#8230;<\/p>","protected":false},"author":2,"featured_media":0,"parent":0,"menu_order":0,"comment_status":"closed","ping_status":"closed","template":"","meta":{"footnotes":""},"class_list":["post-12","page","type-page","status-publish","hentry"],"_links":{"self":[{"href":"https:\/\/eta-england.uk\/cs\/wp-json\/wp\/v2\/pages\/12","targetHints":{"allow":["GET"]}}],"collection":[{"href":"https:\/\/eta-england.uk\/cs\/wp-json\/wp\/v2\/pages"}],"about":[{"href":"https:\/\/eta-england.uk\/cs\/wp-json\/wp\/v2\/types\/page"}],"author":[{"embeddable":true,"href":"https:\/\/eta-england.uk\/cs\/wp-json\/wp\/v2\/users\/2"}],"replies":[{"embeddable":true,"href":"https:\/\/eta-england.uk\/cs\/wp-json\/wp\/v2\/comments?post=12"}],"version-history":[{"count":0,"href":"https:\/\/eta-england.uk\/cs\/wp-json\/wp\/v2\/pages\/12\/revisions"}],"wp:attachment":[{"href":"https:\/\/eta-england.uk\/cs\/wp-json\/wp\/v2\/media?parent=12"}],"curies":[{"name":"wp","href":"https:\/\/api.w.org\/{rel}","templated":true}]}}