{"id":11,"date":"2025-07-23T07:50:04","date_gmt":"2025-07-23T07:50:04","guid":{"rendered":"https:\/\/eta-england.uk\/terms-conditions\/"},"modified":"2025-07-23T07:50:04","modified_gmt":"2025-07-23T07:50:04","slug":"terms-conditions","status":"publish","type":"page","link":"https:\/\/eta-england.uk\/cs\/terms-conditions\/","title":{"rendered":"Obchodn\u00ed podm\u00ednky"},"content":{"rendered":"<p>Poskytujeme v\u00e1m slu\u017eby v souladu s ozn\u00e1men\u00edmi a podm\u00ednkami uveden\u00fdmi v t\u00e9to smlouv\u011b. Krom\u011b toho budete p\u0159ed pou\u017eit\u00edm t\u011bchto slu\u017eeb dodr\u017eovat pravidla, pokyny, z\u00e1sady a podm\u00ednky platn\u00e9 pro n\u011b.<\/p>\n<p>Vyhrazujeme si pr\u00e1vo kdykoli zm\u011bnit tyto str\u00e1nky a tyto podm\u00ednky. Ne\u017e budete pokra\u010dovat, p\u0159e\u010dt\u011bte si pros\u00edm tuto dohodu, proto\u017ee p\u0159\u00edstupem na str\u00e1nky, jejich prohl\u00ed\u017een\u00edm nebo jin\u00fdm pou\u017e\u00edv\u00e1n\u00edm vyjad\u0159ujete souhlas se v\u0161emi podm\u00ednkami uveden\u00fdmi v t\u00e9to dohod\u011b.<\/p>\n<p>Prost\u0159ednictv\u00edm t\u011bchto str\u00e1nek nesm\u00edte nahr\u00e1vat, distribuovat ani jinak publikovat \u017e\u00e1dn\u00fd Obsah, informace ani jin\u00fd materi\u00e1l, kter\u00fd (a) obsahuje jak\u00e9koli chyby, viry, \u010dervy, padac\u00ed dve\u0159e, trojsk\u00e9 kon\u011b nebo jin\u00fd \u0161kodliv\u00fd k\u00f3d \u010di vlastnosti; (b) je pomlouva\u010dn\u00fd, v\u00fdhru\u017en\u00fd, hanliv\u00fd, obsc\u00e9nn\u00ed, nemravn\u00fd, pornografick\u00fd, diskrimina\u010dn\u00ed nebo by mohl v\u00e9st k jak\u00e9koli ob\u010danskopr\u00e1vn\u00ed nebo trestn\u00ed odpov\u011bdnosti podle z\u00e1kon\u016f USA nebo z\u00e1kon\u016f jak\u00e9koli jin\u00e9 zem\u011b, kter\u00e9 se na n\u011bj mohou vztahovat; nebo (c) poru\u0161uje autorsk\u00e1 pr\u00e1va, patenty, ochrann\u00e9 zn\u00e1mky, servisn\u00ed zna\u010dky, obchodn\u00ed tajemstv\u00ed nebo jin\u00e1 vlastnick\u00e1 pr\u00e1va jak\u00e9koli osoby. Vlastn\u00edk str\u00e1nek v\u00e1m m\u016f\u017ee poskytnout identifika\u010dn\u00ed \u00fadaje \u00fa\u010dtu a heslo, kter\u00e9 v\u00e1m umo\u017en\u00ed p\u0159\u00edstup k ur\u010dit\u00fdm \u010d\u00e1stem t\u011bchto str\u00e1nek a jejich pou\u017e\u00edv\u00e1n\u00ed.<\/p>\n<p>Poka\u017ed\u00e9, kdy\u017e pou\u017eijete heslo nebo identifika\u010dn\u00ed \u00fadaje, m\u00e1te za to, \u017ee jste opr\u00e1vn\u011bni k p\u0159\u00edstupu k webu a jeho pou\u017e\u00edv\u00e1n\u00ed zp\u016fsobem, kter\u00fd je v souladu s podm\u00ednkami t\u00e9to smlouvy, a vlastn\u00edk webu nen\u00ed povinen pro\u0161et\u0159ovat zdroj takov\u00e9ho p\u0159\u00edstupu nebo pou\u017e\u00edv\u00e1n\u00ed webu. P\u0159ijet\u00edm t\u011bchto Podm\u00ednek pou\u017e\u00edv\u00e1n\u00ed prost\u0159ednictv\u00edm webu potvrzujete, \u017ee je v\u00e1m 18 let nebo v\u00edce. Pokud je v\u00e1m m\u00e9n\u011b ne\u017e 18 let, pou\u017e\u00edvejte pros\u00edm tento web pouze pod dohledem rodi\u010de nebo z\u00e1konn\u00e9ho z\u00e1stupce. V souladu s podm\u00ednkami t\u00e9to smlouvy v\u00e1m t\u00edmto ud\u011bluje omezenou, odvolatelnou, nep\u0159enosnou a nev\u00fdhradn\u00ed licenci k p\u0159\u00edstupu k webu a jeho pou\u017e\u00edv\u00e1n\u00ed zobrazen\u00edm ve va\u0161em internetov\u00e9m prohl\u00ed\u017ee\u010di pouze za \u00fa\u010delem nakupov\u00e1n\u00ed, nikoli pro komer\u010dn\u00ed pou\u017eit\u00ed nebo pou\u017eit\u00ed jm\u00e9nem t\u0159et\u00ed strany, s v\u00fdjimkou p\u0159\u00edpad\u016f, kdy to vlastn\u00edk webu p\u0159edem v\u00fdslovn\u011b povol\u00ed.<\/p>\n<p>Jak\u00e9koli poru\u0161en\u00ed t\u00e9to smlouvy bude m\u00edt za n\u00e1sledek okam\u017eit\u00e9 zru\u0161en\u00ed licence ud\u011blen\u00e9 v tomto odstavci bez p\u0159edchoz\u00edho upozorn\u011bn\u00ed. Pokud to na\u0161e spole\u010dnost p\u0159edem v\u00fdslovn\u011b nepovol\u00ed, ve\u0161ker\u00e9 materi\u00e1ly, v\u010detn\u011b obr\u00e1zk\u016f, textu, ilustrac\u00ed, n\u00e1vrh\u016f, ikon, fotografi\u00ed, program\u016f, hudebn\u00edch klip\u016f nebo soubor\u016f ke sta\u017een\u00ed, videoklip\u016f a p\u00edsemn\u00fdch a dal\u0161\u00edch materi\u00e1l\u016f, kter\u00e9 jsou sou\u010d\u00e1st\u00ed t\u011bchto str\u00e1nek (souhrnn\u011b \u201eObsah\u201c), jsou ur\u010deny v\u00fdhradn\u011b pro osobn\u00ed, nekomer\u010dn\u00ed pou\u017eit\u00ed. \u017d\u00e1dn\u00e9 informace uveden\u00e9 na str\u00e1nk\u00e1ch nesm\u00edte komer\u010dn\u011b vyu\u017e\u00edvat ani str\u00e1nky pou\u017e\u00edvat ve prosp\u011bch jin\u00e9 firmy.<\/p>\n<p>Vyhrazujeme si pr\u00e1vo odm\u00edtnout slu\u017ebu, ukon\u010dit \u00fa\u010dty a\/nebo zru\u0161it objedn\u00e1vky dle vlastn\u00edho uv\u00e1\u017een\u00ed, mimo jin\u00e9 i v p\u0159\u00edpad\u011b, \u017ee se domn\u00edv\u00e1me, \u017ee chov\u00e1n\u00ed z\u00e1kazn\u00edka poru\u0161uje platn\u00e9 z\u00e1kony nebo po\u0161kozuje na\u0161e z\u00e1jmy.<\/p>\n<p>Nesm\u00edte reprodukovat, distribuovat, zobrazovat, prod\u00e1vat, pronaj\u00edmat, p\u0159en\u00e1\u0161et, vytv\u00e1\u0159et odvozen\u00e1 d\u00edla, p\u0159ekl\u00e1dat, upravovat, zp\u011btn\u011b analyzovat, disassemblovat, dekompilovat ani jinak vyu\u017e\u00edvat tyto str\u00e1nky ani \u017e\u00e1dnou jejich \u010d\u00e1st, pokud to na\u0161e spole\u010dnost v\u00fdslovn\u011b p\u00edsemn\u011b nepovol\u00ed.<\/p>\n<p>Budete v\u00fdhradn\u011b zodpov\u011bdn\u00ed za ve\u0161ker\u00fd p\u0159\u00edstup na tyto str\u00e1nky a jejich pou\u017e\u00edv\u00e1n\u00ed k\u00fdmkoli, kdo pou\u017eije heslo a identifika\u010dn\u00ed \u00fadaje, kter\u00e9 v\u00e1m byly p\u016fvodn\u011b p\u0159id\u011bleny, bez ohledu na to, zda je takov\u00fd p\u0159\u00edstup na tyto str\u00e1nky a jejich pou\u017e\u00edv\u00e1n\u00ed skute\u010dn\u011b v\u00e1mi schv\u00e1leno, v\u010detn\u011b, mimo jin\u00e9, ve\u0161ker\u00e9 komunikace a p\u0159enos\u016f a v\u0161ech z\u00e1vazk\u016f (v\u010detn\u011b, mimo jin\u00e9, finan\u010dn\u00edch z\u00e1vazk\u016f) vznikl\u00fdch v d\u016fsledku takov\u00e9ho p\u0159\u00edstupu nebo pou\u017e\u00edv\u00e1n\u00ed. Nesete v\u00fdhradn\u00ed odpov\u011bdnost za ochranu bezpe\u010dnosti a d\u016fv\u011brnosti hesla a identifika\u010dn\u00edho \u00fadaje, kter\u00e9 v\u00e1m byly p\u0159id\u011bleny.<\/p>\n<p>O jak\u00e9mkoli neopr\u00e1vn\u011bn\u00e9m jedn\u00e1n\u00ed mus\u00edte neprodlen\u011b informovat vlastn\u00edka webu.<\/p>","protected":false},"excerpt":{"rendered":"<p>We provide services to you subject to the notices, terms, and conditions set forth in this agreement. Besides, you will obey the rules, guidelines, policies, terms, and conditions applicable to such services before you use them. We reserve the right to change this site and these terms and conditions at any time.Before proceeding, please read&#8230;<\/p>","protected":false},"author":2,"featured_media":0,"parent":0,"menu_order":0,"comment_status":"closed","ping_status":"closed","template":"","meta":{"footnotes":""},"class_list":["post-11","page","type-page","status-publish","hentry"],"_links":{"self":[{"href":"https:\/\/eta-england.uk\/cs\/wp-json\/wp\/v2\/pages\/11","targetHints":{"allow":["GET"]}}],"collection":[{"href":"https:\/\/eta-england.uk\/cs\/wp-json\/wp\/v2\/pages"}],"about":[{"href":"https:\/\/eta-england.uk\/cs\/wp-json\/wp\/v2\/types\/page"}],"author":[{"embeddable":true,"href":"https:\/\/eta-england.uk\/cs\/wp-json\/wp\/v2\/users\/2"}],"replies":[{"embeddable":true,"href":"https:\/\/eta-england.uk\/cs\/wp-json\/wp\/v2\/comments?post=11"}],"version-history":[{"count":0,"href":"https:\/\/eta-england.uk\/cs\/wp-json\/wp\/v2\/pages\/11\/revisions"}],"wp:attachment":[{"href":"https:\/\/eta-england.uk\/cs\/wp-json\/wp\/v2\/media?parent=11"}],"curies":[{"name":"wp","href":"https:\/\/api.w.org\/{rel}","templated":true}]}}